{"id":4880,"date":"2024-01-09T11:06:18","date_gmt":"2024-01-09T10:06:18","guid":{"rendered":"https:\/\/nordicvision.dk\/handball-clothing\/"},"modified":"2024-05-27T11:14:27","modified_gmt":"2024-05-27T09:14:27","slug":"handball-clothing","status":"publish","type":"page","link":"https:\/\/nordicvision.dk\/en\/handball-clothing\/","title":{"rendered":"Handball clothing"},"content":{"rendered":"<section class=\"wpb-content-wrapper\"><p>[vc_row][vc_column width=&#8221;1\/6&#8243; offset=&#8221;vc_hidden-sm vc_hidden-xs&#8221;][\/vc_column][vc_column width=&#8221;1\/6&#8243; offset=&#8221;vc_hidden-sm vc_hidden-xs&#8221;][\/vc_column][vc_column offset=&#8221;vc_col-lg-8 vc_col-md-8 vc_col-xs-12&#8243; el_class=&#8221;img-section white&#8221;][vc_single_image image=&#8221;4600&#8243; img_size=&#8221;full&#8221;][vc_column_text]<\/p>\n<h2>Handball jerseys for teams and fans<\/h2>\n<p>Nordic Vision specializes in producing custom handball jerseys and merchandise that take team spirit and fan engagement to new heights. By using sublimation technology, we ensure each design is exactly as you want it and perfect for both the team on the field and the fans in the stands. Our sublimation technique allows full creativity and freedom to create unique, personalized designs that last throughout the season without breaking or losing quality.<\/p>\n<h3>Customized clothing for the team<\/h3>\n<p>For handball teams, we produce clothing that not only looks professional but also performs under the intensity of the game. From game jerseys to warm-up kits with both name and number options, our sublimated handball clothing is designed to maximize player comfort and mobility while proudly displaying the team&#8217;s identity and colors. Each garment is created with team unity and performance in mind, making them an indispensable part of every important moment on the pitch.<\/p>\n<h3>Fan merchandise in style<\/h3>\n<p>We understand the importance of fans and their role in the world of sports. That&#8217;s why we&#8217;re expanding our sublimation to include merchandise for fans. Our range includes everything from replica jerseys and t-shirts to caps and scarves, all produced to the same high standards of quality and design. This allows fans to show their support with authentic and stylish gear that matches their passion for the team.<\/p>\n<p>At Nordic Vision, we are committed to sustainability. Our handball clothing is made from recycled fabrics, carefully selected from Europe&#8217;s leading suppliers in countries like Italy, Spain and Portugal. This ensures not only the highest quality products, but also that together we contribute to a more sustainable future for fashion and sport.[\/vc_column_text][\/vc_column][\/vc_row][vc_row full_width=&#8221;stretch_row&#8221;][vc_column]<div class=\"ult-spacer spacer-69d210510afd1\" data-id=\"69d210510afd1\" data-height=\"90\" data-height-mobile=\"60\" data-height-tab=\"90\" data-height-tab-portrait=\"60\" data-height-mobile-landscape=\"60\" style=\"clear:both;display:block;\"><\/div>[\/vc_column][\/vc_row][vc_row full_width=&#8221;stretch_row&#8221;][vc_column][vc_media_grid element_width=&#8221;6&#8243; gap=&#8221;15&#8243; item=&#8221;4753&#8243; grid_id=&#8221;vc_gid:1713344500529-60738ae9-d7ed-1&#8243; include=&#8221;4604,4610,4601,4600&#8243;]<div class=\"ult-spacer spacer-69d210510b019\" data-id=\"69d210510b019\" data-height=\"90\" data-height-mobile=\"60\" data-height-tab=\"90\" data-height-tab-portrait=\"60\" data-height-mobile-landscape=\"60\" style=\"clear:both;display:block;\"><\/div>[\/vc_column][\/vc_row][vc_row full_width=&#8221;stretch_row&#8221; el_class=&#8221;overlay parallax overflow-row&#8221; css=&#8221;.vc_custom_1704807701213{background-image: url(https:\/\/nordicvision.dk\/wp-content\/uploads\/2024\/01\/istock-1368646367-min.jpg?id=4610) !important;background-position: center !important;background-repeat: no-repeat !important;background-size: cover !important;}&#8221;][vc_column]<div class=\"ult-spacer spacer-69d210510b03f\" data-id=\"69d210510b03f\" data-height=\"90\" data-height-mobile=\"60\" data-height-tab=\"90\" data-height-tab-portrait=\"60\" data-height-mobile-landscape=\"60\" style=\"clear:both;display:block;\"><\/div>[vc_row_inner css=&#8221;.vc_custom_1682518429141{margin-right: 0px !important;margin-left: 0px !important;}&#8221;][vc_column_inner el_class=&#8221;overflow-box-footer&#8221;][vc_empty_space height=&#8221;60px&#8221;][vc_column_text]<\/p>\n<h3 style=\"text-align: center;\">Contact Nordic Vision ApS<\/h3>\n<h4 style=\"text-align: center;\">Do you have any questions?<\/h4>\n<p style=\"text-align: center;\">We&#8217;re here to answer any questions you may have that are not answered on this website. So don&#8217;t hesitate to call or write to us.<\/p>\n<p>[\/vc_column_text][vc_empty_space height=&#8221;15px&#8221;][vc_btn title=&#8221;Contact us here&#8221; style=&#8221;custom&#8221; custom_background=&#8221;#fc5623&#8243; custom_text=&#8221;#ffffff&#8221; shape=&#8221;square&#8221; link=&#8221;url:https%3A%2F%2Fnordicvision.dk%2Fen%2Fcontact-us%2F|title:Contact%20us|&#8221;][vc_empty_space height=&#8221;30&#8243;][vc_column_text]<\/p>\n<p style=\"text-align: center;\"><span style=\"text-decoration: underline;\"><a href=\"tel:25132041\">(+45) 25 13 20 41<\/a><\/span><\/p>\n<p>[\/vc_column_text][vc_empty_space height=&#8221;60px&#8221;][\/vc_column_inner][\/vc_row_inner][\/vc_column][\/vc_row]<\/p>\n<\/section>","protected":false},"excerpt":{"rendered":"<p>[vc_row][vc_column width=&#8221;1\/6&#8243; offset=&#8221;vc_hidden-sm vc_hidden-xs&#8221;][\/vc_column][vc_column width=&#8221;1\/6&#8243; offset=&#8221;vc_hidden-sm vc_hidden-xs&#8221;][\/vc_column][vc_column offset=&#8221;vc_col-lg-8 vc_col-md-8 vc_col-xs-12&#8243; el_class=&#8221;img-section white&#8221;][vc_single_image image=&#8221;4600&#8243; img_size=&#8221;full&#8221;][vc_column_text] Handball jerseys for teams and fans Nordic Vision specializes in producing custom handball jerseys and merchandise that take team spirit and fan engagement to new heights. By using sublimation technology, we ensure each design is exactly as you want it and &#8230; <a title=\"Handball clothing\" class=\"read-more\" href=\"https:\/\/nordicvision.dk\/en\/handball-clothing\/\" aria-label=\"More on Handball clothing\">Read more<\/a><\/p>\n","protected":false},"author":1,"featured_media":0,"parent":0,"menu_order":2,"comment_status":"closed","ping_status":"closed","template":"","meta":{"_acf_changed":false,"footnotes":""},"categories":[],"class_list":["post-4880","page","type-page","status-publish"],"acf":[],"yoast_head":"<!-- This site is optimized with the Yoast SEO plugin v26.8 - https:\/\/yoast.com\/product\/yoast-seo-wordpress\/ -->\n<title>Handball clothing | Nordic Vision ApS<\/title>\n<meta name=\"robots\" content=\"index, follow, max-snippet:-1, max-image-preview:large, max-video-preview:-1\" \/>\n<link rel=\"canonical\" href=\"https:\/\/nordicvision.dk\/en\/handball-clothing\/\" \/>\n<meta property=\"og:locale\" content=\"en_US\" \/>\n<meta property=\"og:type\" content=\"article\" \/>\n<meta property=\"og:title\" content=\"Handball clothing | Nordic Vision ApS\" \/>\n<meta property=\"og:description\" content=\"[vc_row][vc_column width=&#8221;1\/6&#8243; offset=&#8221;vc_hidden-sm vc_hidden-xs&#8221;][\/vc_column][vc_column width=&#8221;1\/6&#8243; offset=&#8221;vc_hidden-sm vc_hidden-xs&#8221;][\/vc_column][vc_column offset=&#8221;vc_col-lg-8 vc_col-md-8 vc_col-xs-12&#8243; el_class=&#8221;img-section white&#8221;][vc_single_image image=&#8221;4600&#8243; img_size=&#8221;full&#8221;][vc_column_text] Handball jerseys for teams and fans Nordic Vision specializes in producing custom handball jerseys and merchandise that take team spirit and fan engagement to new heights. By using sublimation technology, we ensure each design is exactly as you want it and ... Read more\" \/>\n<meta property=\"og:url\" content=\"https:\/\/nordicvision.dk\/en\/handball-clothing\/\" \/>\n<meta property=\"og:site_name\" content=\"Nordic Vision ApS\" \/>\n<meta property=\"article:modified_time\" content=\"2024-05-27T09:14:27+00:00\" \/>\n<meta name=\"twitter:card\" content=\"summary_large_image\" \/>\n<meta name=\"twitter:label1\" content=\"Est. reading time\" \/>\n\t<meta name=\"twitter:data1\" content=\"3 minutes\" \/>\n<script type=\"application\/ld+json\" class=\"yoast-schema-graph\">{\"@context\":\"https:\/\/schema.org\",\"@graph\":[{\"@type\":\"WebPage\",\"@id\":\"https:\/\/nordicvision.dk\/en\/handball-clothing\/\",\"url\":\"https:\/\/nordicvision.dk\/en\/handball-clothing\/\",\"name\":\"Handball clothing | Nordic Vision ApS\",\"isPartOf\":{\"@id\":\"https:\/\/nordicvision.dk\/en\/#website\"},\"datePublished\":\"2024-01-09T10:06:18+00:00\",\"dateModified\":\"2024-05-27T09:14:27+00:00\",\"breadcrumb\":{\"@id\":\"https:\/\/nordicvision.dk\/en\/handball-clothing\/#breadcrumb\"},\"inLanguage\":\"en-US\",\"potentialAction\":[{\"@type\":\"ReadAction\",\"target\":[\"https:\/\/nordicvision.dk\/en\/handball-clothing\/\"]}]},{\"@type\":\"BreadcrumbList\",\"@id\":\"https:\/\/nordicvision.dk\/en\/handball-clothing\/#breadcrumb\",\"itemListElement\":[{\"@type\":\"ListItem\",\"position\":1,\"name\":\"Hjem\",\"item\":\"https:\/\/nordicvision.dk\/en\/\"},{\"@type\":\"ListItem\",\"position\":2,\"name\":\"Handball clothing\"}]},{\"@type\":\"WebSite\",\"@id\":\"https:\/\/nordicvision.dk\/en\/#website\",\"url\":\"https:\/\/nordicvision.dk\/en\/\",\"name\":\"Nordic Vision ApS\",\"description\":\"Dansk producent af alt i sportst\u00f8j, cykelt\u00f8j, fitnesst\u00f8j og modet\u00f8j\",\"publisher\":{\"@id\":\"https:\/\/nordicvision.dk\/en\/#organization\"},\"potentialAction\":[{\"@type\":\"SearchAction\",\"target\":{\"@type\":\"EntryPoint\",\"urlTemplate\":\"https:\/\/nordicvision.dk\/en\/?s={search_term_string}\"},\"query-input\":{\"@type\":\"PropertyValueSpecification\",\"valueRequired\":true,\"valueName\":\"search_term_string\"}}],\"inLanguage\":\"en-US\"},{\"@type\":\"Organization\",\"@id\":\"https:\/\/nordicvision.dk\/en\/#organization\",\"name\":\"Nordic Vision ApS\",\"url\":\"https:\/\/nordicvision.dk\/en\/\",\"logo\":{\"@type\":\"ImageObject\",\"inLanguage\":\"en-US\",\"@id\":\"https:\/\/nordicvision.dk\/en\/#\/schema\/logo\/image\/\",\"url\":\"https:\/\/nordicvision.dk\/wp-content\/uploads\/2024\/01\/nordiclogo.svg\",\"contentUrl\":\"https:\/\/nordicvision.dk\/wp-content\/uploads\/2024\/01\/nordiclogo.svg\",\"width\":41,\"height\":26,\"caption\":\"Nordic Vision ApS\"},\"image\":{\"@id\":\"https:\/\/nordicvision.dk\/en\/#\/schema\/logo\/image\/\"}}]}<\/script>\n<!-- \/ Yoast SEO plugin. -->","yoast_head_json":{"title":"Handball clothing | Nordic Vision ApS","robots":{"index":"index","follow":"follow","max-snippet":"max-snippet:-1","max-image-preview":"max-image-preview:large","max-video-preview":"max-video-preview:-1"},"canonical":"https:\/\/nordicvision.dk\/en\/handball-clothing\/","og_locale":"en_US","og_type":"article","og_title":"Handball clothing | Nordic Vision ApS","og_description":"[vc_row][vc_column width=&#8221;1\/6&#8243; offset=&#8221;vc_hidden-sm vc_hidden-xs&#8221;][\/vc_column][vc_column width=&#8221;1\/6&#8243; offset=&#8221;vc_hidden-sm vc_hidden-xs&#8221;][\/vc_column][vc_column offset=&#8221;vc_col-lg-8 vc_col-md-8 vc_col-xs-12&#8243; el_class=&#8221;img-section white&#8221;][vc_single_image image=&#8221;4600&#8243; img_size=&#8221;full&#8221;][vc_column_text] Handball jerseys for teams and fans Nordic Vision specializes in producing custom handball jerseys and merchandise that take team spirit and fan engagement to new heights. By using sublimation technology, we ensure each design is exactly as you want it and ... Read more","og_url":"https:\/\/nordicvision.dk\/en\/handball-clothing\/","og_site_name":"Nordic Vision ApS","article_modified_time":"2024-05-27T09:14:27+00:00","twitter_card":"summary_large_image","twitter_misc":{"Est. reading time":"3 minutes"},"schema":{"@context":"https:\/\/schema.org","@graph":[{"@type":"WebPage","@id":"https:\/\/nordicvision.dk\/en\/handball-clothing\/","url":"https:\/\/nordicvision.dk\/en\/handball-clothing\/","name":"Handball clothing | Nordic Vision ApS","isPartOf":{"@id":"https:\/\/nordicvision.dk\/en\/#website"},"datePublished":"2024-01-09T10:06:18+00:00","dateModified":"2024-05-27T09:14:27+00:00","breadcrumb":{"@id":"https:\/\/nordicvision.dk\/en\/handball-clothing\/#breadcrumb"},"inLanguage":"en-US","potentialAction":[{"@type":"ReadAction","target":["https:\/\/nordicvision.dk\/en\/handball-clothing\/"]}]},{"@type":"BreadcrumbList","@id":"https:\/\/nordicvision.dk\/en\/handball-clothing\/#breadcrumb","itemListElement":[{"@type":"ListItem","position":1,"name":"Hjem","item":"https:\/\/nordicvision.dk\/en\/"},{"@type":"ListItem","position":2,"name":"Handball clothing"}]},{"@type":"WebSite","@id":"https:\/\/nordicvision.dk\/en\/#website","url":"https:\/\/nordicvision.dk\/en\/","name":"Nordic Vision ApS","description":"Dansk producent af alt i sportst\u00f8j, cykelt\u00f8j, fitnesst\u00f8j og modet\u00f8j","publisher":{"@id":"https:\/\/nordicvision.dk\/en\/#organization"},"potentialAction":[{"@type":"SearchAction","target":{"@type":"EntryPoint","urlTemplate":"https:\/\/nordicvision.dk\/en\/?s={search_term_string}"},"query-input":{"@type":"PropertyValueSpecification","valueRequired":true,"valueName":"search_term_string"}}],"inLanguage":"en-US"},{"@type":"Organization","@id":"https:\/\/nordicvision.dk\/en\/#organization","name":"Nordic Vision ApS","url":"https:\/\/nordicvision.dk\/en\/","logo":{"@type":"ImageObject","inLanguage":"en-US","@id":"https:\/\/nordicvision.dk\/en\/#\/schema\/logo\/image\/","url":"https:\/\/nordicvision.dk\/wp-content\/uploads\/2024\/01\/nordiclogo.svg","contentUrl":"https:\/\/nordicvision.dk\/wp-content\/uploads\/2024\/01\/nordiclogo.svg","width":41,"height":26,"caption":"Nordic Vision ApS"},"image":{"@id":"https:\/\/nordicvision.dk\/en\/#\/schema\/logo\/image\/"}}]}},"_links":{"self":[{"href":"https:\/\/nordicvision.dk\/en\/wp-json\/wp\/v2\/pages\/4880","targetHints":{"allow":["GET"]}}],"collection":[{"href":"https:\/\/nordicvision.dk\/en\/wp-json\/wp\/v2\/pages"}],"about":[{"href":"https:\/\/nordicvision.dk\/en\/wp-json\/wp\/v2\/types\/page"}],"author":[{"embeddable":true,"href":"https:\/\/nordicvision.dk\/en\/wp-json\/wp\/v2\/users\/1"}],"replies":[{"embeddable":true,"href":"https:\/\/nordicvision.dk\/en\/wp-json\/wp\/v2\/comments?post=4880"}],"version-history":[{"count":4,"href":"https:\/\/nordicvision.dk\/en\/wp-json\/wp\/v2\/pages\/4880\/revisions"}],"predecessor-version":[{"id":4908,"href":"https:\/\/nordicvision.dk\/en\/wp-json\/wp\/v2\/pages\/4880\/revisions\/4908"}],"wp:attachment":[{"href":"https:\/\/nordicvision.dk\/en\/wp-json\/wp\/v2\/media?parent=4880"}],"wp:term":[{"taxonomy":"category","embeddable":true,"href":"https:\/\/nordicvision.dk\/en\/wp-json\/wp\/v2\/categories?post=4880"}],"curies":[{"name":"wp","href":"https:\/\/api.w.org\/{rel}","templated":true}]}}